{"id":524,"date":"2022-03-04T04:58:10","date_gmt":"2022-03-04T04:58:10","guid":{"rendered":"https:\/\/danieli.com.vn\/cookie-policy\/"},"modified":"2022-03-22T04:41:29","modified_gmt":"2022-03-22T04:41:29","slug":"cookie-policy","status":"publish","type":"page","link":"https:\/\/danieli.com.vn\/vi\/cookie-policy\/","title":{"rendered":"Ch\u00ednh s\u00e1ch cookie"},"content":{"rendered":"<p><strong>1. V\u1ec1 Cookie <\/strong><\/p>\n<p>C\u00e1c trang web s\u1eed d\u1ee5ng c\u00e1c k\u1ef9 thu\u1eadt \u0111\u1ec3 t\u0103ng t\u00ednh d\u1ec5 s\u1eed d\u1ee5ng v\u00e0 l\u00e0m cho c\u00e1c trang web tr\u1edf n\u00ean thu h\u00fat h\u01a1n \u0111\u1ed1i v\u1edbi ng\u01b0\u1eddi d\u00f9ng. M\u1ed9t trong nh\u1eefng k\u1ef9 thu\u1eadt \u0111\u01b0\u1ee3c bi\u1ebft \u0111\u1ebfn nhi\u1ec1u nh\u1ea5t li\u00ean quan \u0111\u1ebfn vi\u1ec7c s\u1eed d\u1ee5ng cookie. Cookie c\u00f3 th\u1ec3 \u0111\u01b0\u1ee3c ch\u1ee7 s\u1edf h\u1eefu trang web ho\u1eb7c b\u00ean th\u1ee9 ba s\u1eed d\u1ee5ng, ch\u1eb3ng h\u1ea1n nh\u01b0 \u0111\u1ec3 \u0111\u1ecbnh l\u01b0\u1ee3ng s\u1ed1 l\u01b0\u1ee3ng kh\u00e1ch truy c\u1eadp ho\u1eb7c \u0111\u1ec3 hi\u1ec3n th\u1ecb video.<\/p>\n<p>Cookie l\u00e0 c\u00e1c t\u1ec7p v\u0103n b\u1ea3n nh\u1ecf \u0111\u01b0\u1ee3c l\u01b0u tr\u1eef tr\u00ean m\u00e1y t\u00ednh c\u1ee7a b\u1ea1n khi b\u1ea1n truy c\u1eadp c\u00e1c trang website b\u1ea5t k\u1ef3.<\/p>\n<p>Cookie c\u1ee7a b\u00ean th\u1ee9 nh\u1ea5t<br \/>\nC\u00e1c cookie n\u00e0y do c\u00e1c trang website t\u1ef1 t\u1ea1o (v\u1edbi t\u00ean mi\u1ec1n \u0111\u01b0\u1ee3c hi\u1ec3n th\u1ecb nh\u01b0 tr\u00ean thanh \u0111\u1ecba ch\u1ec9 c\u1ee7a tr\u00ecnh duy\u1ec7t) v\u00e0 ch\u1ec9 nh\u1eefng website \u0111\u00f3 m\u1edbi c\u00f3 th\u1ec3 \u0111\u1ecdc \u0111\u01b0\u1ee3c. Ch\u00fang th\u01b0\u1eddng \u0111\u01b0\u1ee3c s\u1eed d\u1ee5ng \u0111\u1ec3 l\u01b0u tr\u1eef th\u00f4ng tin nh\u01b0 s\u1edf th\u00edch c\u1ee7a ng\u01b0\u1eddi d\u00f9ng, \u0111\u01b0\u1ee3c s\u1eed d\u1ee5ng khi ng\u01b0\u1eddi d\u00f9ng quay l\u1ea1i website.<\/p>\n<p>Cookie c\u1ee7a b\u00ean th\u1ee9 ba<br \/>\nC\u00e1c cookie n\u00e0y \u0111\u01b0\u1ee3c t\u1ea1o t\u1eeb c\u00e1c t\u00ean mi\u1ec1n kh\u00e1c v\u1edbi t\u00ean mi\u1ec1n tr\u00ean thanh \u0111\u1ecba ch\u1ec9 c\u1ee7a tr\u00ecnh duy\u1ec7t ho\u1eb7c b\u1edfi c\u00e1c t\u1ed5 ch\u1ee9c kh\u00f4ng ph\u1ea3i l\u00e0 ch\u1ee7 s\u1edf h\u1eefu Trang web. Cookie c\u1ee7a b\u00ean th\u1ee9 ba cho ph\u00e9p b\u1ea1n nh\u1eadn \u0111\u01b0\u1ee3c c\u00e1c cu\u1ed9c kh\u1ea3o s\u00e1t to\u00e0n di\u1ec7n nh\u1ea5t v\u1ec1 th\u00f3i quen duy\u1ec7t web c\u1ee7a ng\u01b0\u1eddi d\u00f9ng v\u00e0 \u0111\u01b0\u1ee3c cho l\u00e0 nh\u1ea1y c\u1ea3m h\u01a1n v\u1ec1 t\u00ednh minh b\u1ea1ch. V\u00ec l\u00fd do n\u00e0y, h\u1ea7u h\u1ebft c\u00e1c tr\u00ecnh duy\u1ec7t Web cho ph\u00e9p b\u1ea1n thay \u0111\u1ed5i c\u00e0i \u0111\u1eb7t \u0111\u1ec3 cookie n\u00e0y kh\u00f4ng \u0111\u01b0\u1ee3c ch\u1ea5p nh\u1eadn.<\/p>\n<p><strong>2. C\u00e1ch th\u1ee9c s\u1eed d\u1ee5ng cookie c\u1ee7a Danieli<\/strong><\/p>\n<p>Danieli s\u1eed d\u1ee5ng cookie \u0111\u1ec3 thu th\u1eadp s\u1ed1 li\u1ec7u th\u1ed1ng k\u00ea v\u1ec1 kh\u00e1ch truy c\u1eadp v\u00e0 ghi l\u1ea1i th\u00f4ng tin v\u1ec1 s\u1edf th\u00edch c\u1ee7a b\u1ea1n khi duy\u1ec7t c\u00e1c trang tr\u00ean website. M\u1ee5c \u0111\u00edch c\u1ee7a ch\u00fang t\u00f4i khi s\u1eed d\u1ee5ng cookie l\u00e0 \u0111\u1ec3 c\u1ea3i thi\u1ec7n tr\u1ea3i nghi\u1ec7m \u0111\u01b0\u1ee3c cung c\u1ea5p cho kh\u00e1ch truy c\u1eadp trang web c\u1ee7a ch\u00fang t\u00f4i.<\/p>\n<p><strong>3. Cookie v\u00e0 ch\u1ee9c n\u0103ng li\u00ean quan<\/strong><\/p>\n<p>Sau \u0111\u00e2y l\u00e0 danh s\u00e1ch c\u00e1c lo\u1ea1i cookie ph\u1ed5 bi\u1ebfn nh\u1ea5t v\u00e0 m\u1ee5c \u0111\u00edch ch\u00fang \u0111\u01b0\u1ee3c s\u1eed d\u1ee5ng.<\/p>\n<p><strong>3.1 Cookie k\u1ef9 thu\u1eadt <\/strong><\/p>\n<p>Lo\u1ea1i cookie n\u00e0y cho ph\u00e9p<strong> c\u00e1c ph\u1ea7n nh\u1ea5t \u0111\u1ecbnh c\u1ee7a Website \u0111\u01b0\u1ee3c v\u1eadn h\u00e0nh \u0111\u00fang<\/strong>. Ch\u00fang \u0111\u01b0\u1ee3c chia th\u00e0nh hai lo\u1ea1i: li\u00ean t\u1ee5c ho\u1eb7c phi\u00ean<\/p>\n<ul>\n<li><strong>Cookie li\u00ean t\u1ee5c<\/strong>: sau khi tr\u00ecnh duy\u1ec7t b\u1ecb \u0111\u00f3ng, ch\u00fang s\u1ebd kh\u00f4ng b\u1ecb x\u00f3a \u0111i \u0111i m\u00e0 \u0111\u01b0\u1ee3c l\u01b0u tr\u1eef cho \u0111\u1ebfn ng\u00e0y h\u1ebft h\u1ea1n \u0111\u01b0\u1ee3c \u0111\u1eb7t tr\u01b0\u1edbc<\/li>\n<li><strong>Cookie phi\u00ean<\/strong>: ch\u00fang \u0111\u01b0\u1ee3c x\u00f3a kh\u1ecfi m\u00e1y m\u1ed7i khi tr\u00ecnh \u0111\u00f3ng tr\u00ecnh duy\u1ec7t<\/li>\n<\/ul>\n<p>C\u00e1c cookie n\u00e0y lu\u00f4n \u0111\u01b0\u1ee3c y\u00eau c\u1ea7u khi truy c\u1eadp v\u00e0o t\u00ean mi\u1ec1n c\u1ee7a ch\u00fang t\u00f4i, nh\u1eb1m th\u00f4ng b\u00e1o \u0111i\u1ec1u n\u00e0y r\u1ea5t c\u1ea7n thi\u1ebft \u0111\u1ec3 truy c\u1eadp trang web v\u00e0 s\u1eed d\u1ee5ng c\u00e1c d\u1ecbch v\u1ee5 k\u1ef9 thu\u1eadt cung c\u1ea5p, do \u0111\u00f3 c\u00e1c cookies n\u00e0y s\u1ebd \u0111\u01b0\u1ee3c s\u1eed d\u1ee5ng v\u00e0 g\u1eedi \u0111i tr\u1eeb khi ng\u01b0\u1eddi d\u00f9ng thay \u0111\u1ed5i c\u00e0i \u0111\u1eb7t tr\u00ecnh duy\u1ec7t c\u1ee7a h\u1ecd (trong m\u1ed9t s\u1ed1 tr\u01b0\u1eddng h\u1ee3p, \u0111i\u1ec1u n\u00e0y c\u00f3 th\u1ec3 h\u1ea1n ch\u1ebf ng\u01b0\u1eddi d\u00f9ng duy\u1ec7t web ho\u1eb7c xem trang)<\/p>\n<p><strong>3.2 Cookie ph\u00e2n t\u00edch<\/strong><\/p>\n<p>C\u00e1c cookie c\u1ee7a danh m\u1ee5c n\u00e0y \u0111\u01b0\u1ee3c s\u1eed d\u1ee5ng \u0111\u1ec3 <strong>thu th\u1eadp th\u00f4ng tin v\u1ec1 trang web<\/strong>. Danieli s\u1ebd s\u1eed d\u1ee5ng th\u00f4ng tin n\u00e0y \u0111\u1ec3 ph\u00e2n t\u00edch th\u1ed1ng k\u00ea nh\u1eb1m c\u1ea3i thi\u1ec7n Trang web v\u00e0 l\u00e0m cho n\u1ed9i dung phong ph\u00fa h\u01a1n v\u00e0 ph\u00f9 h\u1ee3p v\u1edbi mong mu\u1ed1n c\u1ee7a ng\u01b0\u1eddi d\u00f9ng. Lo\u1ea1i cookie n\u00e0y thu th\u1eadp d\u1eef li\u1ec7u v\u1ec1 ng\u01b0\u1eddi d\u00f9ng v\u00e0 c\u00e1ch h\u1ecd t\u00ecm \u0111\u1ebfn website. Cookie ph\u00e2n t\u00edch \u0111\u01b0\u1ee3c g\u1eedi t\u1eeb ch\u00ednh trang web ho\u1eb7c b\u1edfi c\u00e1c t\u00ean mi\u1ec1n c\u1ee7a b\u00ean th\u1ee9 ba.<\/p>\n<p><strong>3.3 Cookie \u0111\u1ec3 t\u00edch h\u1ee3p c\u00e1c ch\u1ee9c n\u0103ng c\u1ee7a ph\u1ea7n m\u1ec1m b\u00ean th\u1ee9 ba<\/strong><\/p>\n<p>Lo\u1ea1i cookie n\u00e0y <strong>k\u1ebft h\u1ee3p c\u00e1c t\u00ednh n\u0103ng do b\u00ean th\u1ee9 ba ph\u00e1t tri\u1ec3n trong c\u00e1c trang c\u1ee7a website<\/strong>, ch\u1eb3ng h\u1ea1n nh\u01b0 c\u00e1c bi\u1ec3u t\u01b0\u1ee3ng v\u00e0 t\u00f9y ch\u1ecdn \u0111\u01b0\u1ee3c th\u1ec3 hi\u1ec7n trong m\u1ea1ng x\u00e3 h\u1ed9i \u0111\u1ec3 chia s\u1ebb n\u1ed9i dung c\u1ee7a trang web ho\u1eb7c \u0111\u1ec3 s\u1eed d\u1ee5ng c\u00e1c d\u1ecbch v\u1ee5, ph\u1ea7n m\u1ec1m c\u1ee7a <strong>b\u00ean th\u1ee9 ba<\/strong> (ch\u1eb3ng h\u1ea1n nh\u01b0 ph\u1ea7n m\u1ec1m t\u1ea1o b\u1ea3n \u0111\u1ed3 v\u00e0 ph\u1ea7n m\u1ec1m cung c\u1ea5p c\u00e1c d\u1ecbch v\u1ee5 m\u1edf r\u1ed9ng). C\u00e1c cookie n\u00e0y \u0111\u01b0\u1ee3c g\u1eedi t\u1eeb c\u00e1c t\u00ean mi\u1ec1n c\u1ee7a b\u00ean th\u1ee9 ba v\u00e0 t\u1eeb c\u00e1c <strong>trang web c\u1ee7a \u0111\u1ed1i t\u00e1c<\/strong> cung c\u1ea5p c\u00e1c ch\u1ee9c n\u0103ng c\u1ee7a h\u1ecd th\u00f4ng qua c\u00e1c trang c\u1ee7a Website.<\/p>\n<p><strong>4. Danh s\u00e1ch c\u00e1c cookie \u0111\u01b0\u1ee3c s\u1eed d\u1ee5ng tr\u00ean trang web n\u00e0y<\/strong><\/p>\n<table style=\"border -ump: s\u1eadp; width: 100%;\">\n<tbody>\n<tr>\n<td style=\"width: 33.3333%;\">T\u00ean cookie<\/td>\n<td style=\"width: 33.3333%;\">M\u1ee5c \u0111\u00edch<\/td>\n<td style=\"width: 33.3333%;\">Th\u1eddi gian<\/td>\n<\/tr>\n<tr>\n<td style=\"width: 33.3333%;\"><strong>qtrans_front_language<\/strong><\/td>\n<td style=\"width: 33.3333%;\">Ch\u00fang t\u00f4i s\u1eed d\u1ee5ng cookie phi\u00ean cho c\u00e1c ch\u1ee9c n\u0103ng k\u1ef9 thu\u1eadt c\u1ee7a Trang web, ch\u1eb3ng h\u1ea1n nh\u01b0 l\u01b0u t\u00ecm ki\u1ebfm, \u0111\u0103ng k\u00fd trang web ho\u1eb7c s\u1eed d\u1ee5ng khu v\u1ef1c ri\u00eang t\u01b0. Cookie n\u00e0y ghi nh\u1edb ng\u00f4n ng\u1eef \u0111\u01b0\u1ee3c thi\u1ebft l\u1eadp b\u1edfi kh\u00e1ch truy c\u1eadp.<\/td>\n<td style=\"width: 33.3333%;\">1 n\u0103m sau khi thi\u1ebft l\u1eadp<\/td>\n<\/tr>\n<tr>\n<td style=\"width: 33.3333%;\"><strong> _ga <\/strong><\/td>\n<td style=\"width: 33.3333%;\">Ch\u00fang t\u00f4i s\u1eed d\u1ee5ng Google Analytics \u0111\u1ec3 thu th\u1eadp d\u1eef li\u1ec7u cho c\u00e1c m\u1ee5c \u0111\u00edch th\u1ed1ng k\u00ea. Cookie n\u00e0y t\u00ednh to\u00e1n th\u1eddi l\u01b0\u1ee3ng phi\u00ean c\u1ee7a m\u1ed9t kh\u00e1ch truy c\u1eadp.<\/td>\n<td style=\"width: 33.3333%;\">10 ph\u00fat<\/td>\n<\/tr>\n<tr>\n<td style=\"width: 33.3333%;\"><strong> _gat <\/strong><\/td>\n<td style=\"width: 33.3333%;\">Ch\u00fang t\u00f4i s\u1eed d\u1ee5ng Google Analytics \u0111\u1ec3 thu th\u1eadp d\u1eef li\u1ec7u cho c\u00e1c m\u1ee5c \u0111\u00edch th\u1ed1ng k\u00ea. Cookie n\u00e0y \u0111\u1ec3 x\u00e1c \u0111\u1ecbnh kh\u00e1ch truy c\u1eadp<\/td>\n<td style=\"width: 33.3333%;\">2 n\u0103m sau khi thi\u1ebft l\u1eadp<\/td>\n<\/tr>\n<\/tbody>\n<\/table>\n<p><strong> 5. Qu\u1ea3n l\u00fd cookie<\/strong><\/p>\n<p><strong>5.1. C\u00e1ch xem cookie<\/strong><\/p>\n<p>B\u1edfi v\u00ec cookie l\u00e0 c\u00e1c t\u1ec7p v\u0103n b\u1ea3n b\u00ecnh th\u01b0\u1eddng, ch\u00fang c\u00f3 th\u1ec3 \u0111\u01b0\u1ee3c truy c\u1eadp b\u1eb1ng c\u00e1ch s\u1eed d\u1ee5ng h\u1ea7u h\u1ebft c\u00e1c tr\u00ecnh so\u1ea1n th\u1ea3o v\u0103n b\u1ea3n ho\u1eb7c ch\u01b0\u01a1ng tr\u00ecnh x\u1eed l\u00fd v\u0103n b\u1ea3n. \u0110\u1ec3 m\u1edf ch\u00fang, ch\u1ec9 c\u1ea7n nh\u1ea5p v\u00e0o ch\u00fang. D\u01b0\u1edbi \u0111\u00e2y l\u00e0 danh s\u00e1ch c\u00e1c li\u00ean k\u1ebft gi\u1ea3i th\u00edch c\u00e1ch xem cookie b\u00ean trong c\u00e1c tr\u00ecnh duy\u1ec7t kh\u00e1c nhau. N\u1ebfu tr\u00ecnh duy\u1ec7t c\u1ee7a b\u1ea1n kh\u00f4ng c\u00f3 trong danh s\u00e1ch, h\u00e3y tham kh\u1ea3o th\u00f4ng tin v\u1ec1 cookie do nh\u00e0 cung c\u1ea5p tr\u00ecnh duy\u1ec7t cung c\u1ea5p. N\u1ebfu b\u1ea1n s\u1eed d\u1ee5ng \u0111i\u1ec7n tho\u1ea1i di \u0111\u1ed9ng, h\u00e3y tham kh\u1ea3o s\u00e1ch h\u01b0\u1edbng d\u1eabn t\u01b0\u01a1ng \u1ee9ng \u0111\u1ec3 bi\u1ebft th\u00eam th\u00f4ng tin.<\/p>\n<p>Firefox<br \/>\nhttps:\/\/support.mozilla.org\/en-US\/kb\/cookies-information-websites-store-on-your-computer<\/p>\n<p>Chrome<br \/>\nhttps:\/\/support.google.com\/chrome\/bin\/answer.py?hl=en&#038;answer=95647&#038;topic=14666&#038;ctx=topic<\/p>\n<p>Internet Explorer 8-10<br \/>\nhttp:\/\/windows.microsoft.com\/en-US\/internet-explorer\/delete-manage-cookies<\/p>\n<p><strong>5.2. H\u1ee7y k\u00edch ho\u1ea1t \/ k\u00edch ho\u1ea1t ho\u1eb7c x\u00f3a cookie<\/strong><\/p>\n<p>Cookie c\u00f3 th\u1ec3 b\u1ecb h\u1ea1n ch\u1ebf ho\u1eb7c b\u1ecb ch\u1eb7n b\u1edfi c\u00e0i \u0111\u1eb7t trong tr\u00ecnh duy\u1ec7t c\u1ee7a b\u1ea1n. N\u1ebfu b\u1ea1n mu\u1ed1n c\u00e1c trang web kh\u00f4ng l\u01b0u tr\u1eef b\u1ea5t k\u1ef3 cookie n\u00e0o tr\u00ean m\u00e1y t\u00ednh c\u1ee7a b\u1ea1n, h\u00e3y c\u00e0i \u0111\u1eb7t tr\u00ecnh duy\u1ec7t c\u1ee7a b\u1ea1n \u0111\u1ec3 nh\u1eadn th\u00f4ng b\u00e1o tr\u01b0\u1edbc khi l\u01b0u tr\u1eef t\u1eebng cookie. Ngo\u00e0i ra, b\u1ea1n c\u00f3 th\u1ec3 c\u00e0i \u0111\u1eb7t \u0111\u1ec3 t\u1eeb ch\u1ed1i t\u1ea5t c\u1ea3 cookie ho\u1eb7c ch\u1ec9 cookie c\u1ee7a b\u00ean th\u1ee9 ba. B\u1ea1n c\u0169ng c\u00f3 th\u1ec3 x\u00f3a t\u1ea5t c\u1ea3 c\u00e1c cookie \u0111\u00e3 c\u00f3 trong h\u1ec7 th\u1ed1ng. Xin l\u01b0u \u00fd, c\u00e0i \u0111\u1eb7t ph\u1ea3i \u0111\u01b0\u1ee3c thay \u0111\u1ed5i ri\u00eang trong t\u1eebng tr\u00ecnh duy\u1ec7t v\u00e0 m\u00e1y t\u00ednh b\u1ea1n s\u1eed d\u1ee5ng.<\/p>\n<p>N\u1ebfu b\u1ea1n ch\u1eb7n vi\u1ec7c l\u01b0u tr\u1eef cookie, ch\u00fang t\u00f4i kh\u00f4ng th\u1ec3 \u0111\u1ea3m b\u1ea3o trang web ho\u1ea1t \u0111\u1ed9ng b\u00ecnh th\u01b0\u1eddng. M\u1ed9t s\u1ed1 ch\u1ee9c n\u0103ng c\u1ee7a trang web c\u00f3 th\u1ec3 kh\u00f4ng kh\u1ea3 d\u1ee5ng v\u00e0 b\u1ea1n c\u00f3 th\u1ec3 kh\u00f4ng xem \u0111\u01b0\u1ee3c c\u00e1c trang nh\u1ea5t \u0111\u1ecbnh.<\/p>\n<p>M\u1ed7i tr\u00ecnh duy\u1ec7t l\u00e0 kh\u00e1c nhau, v\u00ec v\u1eady h\u00e3y ki\u1ec3m tra menu Tr\u1ee3 gi\u00fap trong tr\u00ecnh duy\u1ec7t c\u1ee7a b\u1ea1n (ho\u1eb7c tham kh\u1ea3o h\u01b0\u1edbng d\u1eabn s\u1eed d\u1ee5ng tr\u00ean \u0111i\u1ec7n tho\u1ea1i c\u1ee7a b\u1ea1n) \u0111\u1ec3 thay \u0111\u1ed5i t\u00f9y ch\u1ecdn cookie ..<\/p>\n<p>Th\u00f4ng tin chi ti\u1ebft h\u01a1n v\u1ec1 cookie c\u00f3 th\u1ec3 \u0111\u01b0\u1ee3c t\u00ecm th\u1ea5y t\u1ea1i<\/p>\n<p>http:\/\/www.aboutcookies.org\/<\/p>\n<p><strong>6. Cookie kh\u00e1c \/ cookie kh\u00f4ng mong mu\u1ed1n<\/strong><\/p>\n<p>Xem x\u00e9t ho\u1ea1t \u0111\u1ed9ng c\u1ee7a internet v\u00e0 c\u00e1c trang web, ch\u00fang t\u00f4i kh\u00f4ng ph\u1ea3i l\u00fac n\u00e0o c\u0169ng c\u00f3 th\u1ec3 ki\u1ec3m so\u00e1t c\u00e1c cookie \u0111\u01b0\u1ee3c l\u01b0u tr\u1eef b\u1edfi c\u00e1c b\u00ean th\u1ee9 ba th\u00f4ng qua trang web c\u1ee7a ch\u00fang t\u00f4i. \u0110i\u1ec1u n\u00e0y \u0111\u1eb7c bi\u1ec7t \u0111\u00fang trong tr\u01b0\u1eddng h\u1ee3p m\u1ed9t trang web ch\u1ee9a c\u00e1c ph\u1ea7n t\u1eed nh\u00fang: v\u0103n b\u1ea3n, t\u00e0i li\u1ec7u, h\u00ecnh \u1ea3nh ho\u1eb7c video ng\u1eafn \u0111\u01b0\u1ee3c l\u01b0u tr\u1eef \u1edf n\u01a1i kh\u00e1c nh\u01b0ng \u0111\u01b0\u1ee3c hi\u1ec3n th\u1ecb trong ho\u1eb7c th\u00f4ng qua trang web c\u1ee7a ch\u00fang t\u00f4i. lo\u1ea1i kh\u00f4ng c\u00f3 trong danh s\u00e1ch \u0111\u01b0\u1ee3c cung c\u1ea5p, vui l\u00f2ng cho ch\u00fang t\u00f4i bi\u1ebft. Ngo\u00e0i ra, vui l\u00f2ng li\u00ean h\u1ec7 tr\u1ef1c ti\u1ebfp v\u1edbi c\u00e1c b\u00ean th\u1ee9 ba c\u00f3 li\u00ean quan v\u00e0 \u0111\u1eb7t c\u00e2u h\u1ecfi v\u1ec1 cookie m\u00e0 h\u1ecd g\u1eedi, m\u1ee5c \u0111\u00edch, th\u1eddi h\u1ea1n c\u1ee7a ch\u00fang v\u00e0 li\u1ec7u ch\u00fang c\u00f3 \u0111\u1ea3m b\u1ea3o quy\u1ec1n ri\u00eang t\u01b0 c\u1ee7a ng\u01b0\u1eddi d\u00f9ng hay kh\u00f4ng.<\/p>\n","protected":false},"excerpt":{"rendered":"<p>1. V\u1ec1 Cookie C\u00e1c trang web s\u1eed d\u1ee5ng c\u00e1c k\u1ef9 thu\u1eadt \u0111\u1ec3 t\u0103ng t\u00ednh d\u1ec5 s\u1eed d\u1ee5ng v\u00e0 l\u00e0m cho c\u00e1c trang web tr\u1edf n\u00ean thu h\u00fat h\u01a1n \u0111\u1ed1i v\u1edbi ng\u01b0\u1eddi d\u00f9ng. M\u1ed9t trong nh\u1eefng k\u1ef9 thu\u1eadt \u0111\u01b0\u1ee3c bi\u1ebft \u0111\u1ebfn nhi\u1ec1u nh\u1ea5t li\u00ean quan \u0111\u1ebfn vi\u1ec7c s\u1eed d\u1ee5ng cookie. Cookie c\u00f3 th\u1ec3 \u0111\u01b0\u1ee3c ch\u1ee7 s\u1edf [&hellip;]<\/p>\n","protected":false},"author":1,"featured_media":0,"parent":0,"menu_order":0,"comment_status":"closed","ping_status":"closed","template":"","meta":{"inline_featured_image":false,"footnotes":""},"class_list":["post-524","page","type-page","status-publish","hentry"],"yoast_head":"<!-- This site is optimized with the Yoast SEO plugin v18.2 - https:\/\/yoast.com\/wordpress\/plugins\/seo\/ -->\n<title>Ch\u00ednh s\u00e1ch cookie - Danieli Vietnam<\/title>\n<meta name=\"robots\" content=\"index, follow, max-snippet:-1, max-image-preview:large, max-video-preview:-1\" \/>\n<link rel=\"canonical\" href=\"https:\/\/danieli.com.vn\/vi\/cookie-policy\/\" \/>\n<meta property=\"og:locale\" content=\"vi_VN\" \/>\n<meta property=\"og:type\" content=\"article\" \/>\n<meta property=\"og:title\" content=\"Ch\u00ednh s\u00e1ch cookie - Danieli Vietnam\" \/>\n<meta property=\"og:description\" content=\"1. V\u1ec1 Cookie C\u00e1c trang web s\u1eed d\u1ee5ng c\u00e1c k\u1ef9 thu\u1eadt \u0111\u1ec3 t\u0103ng t\u00ednh d\u1ec5 s\u1eed d\u1ee5ng v\u00e0 l\u00e0m cho c\u00e1c trang web tr\u1edf n\u00ean thu h\u00fat h\u01a1n \u0111\u1ed1i v\u1edbi ng\u01b0\u1eddi d\u00f9ng. M\u1ed9t trong nh\u1eefng k\u1ef9 thu\u1eadt \u0111\u01b0\u1ee3c bi\u1ebft \u0111\u1ebfn nhi\u1ec1u nh\u1ea5t li\u00ean quan \u0111\u1ebfn vi\u1ec7c s\u1eed d\u1ee5ng cookie. Cookie c\u00f3 th\u1ec3 \u0111\u01b0\u1ee3c ch\u1ee7 s\u1edf [&hellip;]\" \/>\n<meta property=\"og:url\" content=\"https:\/\/danieli.com.vn\/vi\/cookie-policy\/\" \/>\n<meta property=\"og:site_name\" content=\"Danieli Vietnam\" \/>\n<meta property=\"article:modified_time\" content=\"2022-03-22T04:41:29+00:00\" \/>\n<meta name=\"twitter:card\" content=\"summary_large_image\" \/>\n<meta name=\"twitter:label1\" content=\"\u01af\u1edbc t\u00ednh th\u1eddi gian \u0111\u1ecdc\" \/>\n\t<meta name=\"twitter:data1\" content=\"8 ph\u00fat\" \/>\n<script type=\"application\/ld+json\" class=\"yoast-schema-graph\">{\"@context\":\"https:\/\/schema.org\",\"@graph\":[{\"@type\":\"Organization\",\"@id\":\"https:\/\/danieli.com.vn\/#organization\",\"name\":\"DANIELI VIETNAM\",\"url\":\"https:\/\/danieli.com.vn\/\",\"sameAs\":[],\"logo\":{\"@type\":\"ImageObject\",\"@id\":\"https:\/\/danieli.com.vn\/#logo\",\"inLanguage\":\"vi\",\"url\":\"https:\/\/danieli.com.vn\/wp-content\/uploads\/2022\/03\/logo.png\",\"contentUrl\":\"https:\/\/danieli.com.vn\/wp-content\/uploads\/2022\/03\/logo.png\",\"width\":320,\"height\":30,\"caption\":\"DANIELI VIETNAM\"},\"image\":{\"@id\":\"https:\/\/danieli.com.vn\/#logo\"}},{\"@type\":\"WebSite\",\"@id\":\"https:\/\/danieli.com.vn\/#website\",\"url\":\"https:\/\/danieli.com.vn\/\",\"name\":\"Danieli Vietnam\",\"description\":\"is a legal entity located in Ho Chi Minh since 2007\",\"publisher\":{\"@id\":\"https:\/\/danieli.com.vn\/#organization\"},\"potentialAction\":[{\"@type\":\"SearchAction\",\"target\":{\"@type\":\"EntryPoint\",\"urlTemplate\":\"https:\/\/danieli.com.vn\/?s={search_term_string}\"},\"query-input\":\"required name=search_term_string\"}],\"inLanguage\":\"vi\"},{\"@type\":\"WebPage\",\"@id\":\"https:\/\/danieli.com.vn\/vi\/cookie-policy\/#webpage\",\"url\":\"https:\/\/danieli.com.vn\/vi\/cookie-policy\/\",\"name\":\"Ch\u00ednh s\u00e1ch cookie - Danieli Vietnam\",\"isPartOf\":{\"@id\":\"https:\/\/danieli.com.vn\/#website\"},\"datePublished\":\"2022-03-04T04:58:10+00:00\",\"dateModified\":\"2022-03-22T04:41:29+00:00\",\"breadcrumb\":{\"@id\":\"https:\/\/danieli.com.vn\/vi\/cookie-policy\/#breadcrumb\"},\"inLanguage\":\"vi\",\"potentialAction\":[{\"@type\":\"ReadAction\",\"target\":[\"https:\/\/danieli.com.vn\/vi\/cookie-policy\/\"]}]},{\"@type\":\"BreadcrumbList\",\"@id\":\"https:\/\/danieli.com.vn\/vi\/cookie-policy\/#breadcrumb\",\"itemListElement\":[{\"@type\":\"ListItem\",\"position\":1,\"name\":\"Home\",\"item\":\"https:\/\/danieli.com.vn\/vi\/\"},{\"@type\":\"ListItem\",\"position\":2,\"name\":\"Ch\u00ednh s\u00e1ch cookie\"}]}]}<\/script>\n<!-- \/ Yoast SEO plugin. -->","yoast_head_json":{"title":"Ch\u00ednh s\u00e1ch cookie - Danieli Vietnam","robots":{"index":"index","follow":"follow","max-snippet":"max-snippet:-1","max-image-preview":"max-image-preview:large","max-video-preview":"max-video-preview:-1"},"canonical":"https:\/\/danieli.com.vn\/vi\/cookie-policy\/","og_locale":"vi_VN","og_type":"article","og_title":"Ch\u00ednh s\u00e1ch cookie - Danieli Vietnam","og_description":"1. V\u1ec1 Cookie C\u00e1c trang web s\u1eed d\u1ee5ng c\u00e1c k\u1ef9 thu\u1eadt \u0111\u1ec3 t\u0103ng t\u00ednh d\u1ec5 s\u1eed d\u1ee5ng v\u00e0 l\u00e0m cho c\u00e1c trang web tr\u1edf n\u00ean thu h\u00fat h\u01a1n \u0111\u1ed1i v\u1edbi ng\u01b0\u1eddi d\u00f9ng. M\u1ed9t trong nh\u1eefng k\u1ef9 thu\u1eadt \u0111\u01b0\u1ee3c bi\u1ebft \u0111\u1ebfn nhi\u1ec1u nh\u1ea5t li\u00ean quan \u0111\u1ebfn vi\u1ec7c s\u1eed d\u1ee5ng cookie. Cookie c\u00f3 th\u1ec3 \u0111\u01b0\u1ee3c ch\u1ee7 s\u1edf [&hellip;]","og_url":"https:\/\/danieli.com.vn\/vi\/cookie-policy\/","og_site_name":"Danieli Vietnam","article_modified_time":"2022-03-22T04:41:29+00:00","twitter_card":"summary_large_image","twitter_misc":{"\u01af\u1edbc t\u00ednh th\u1eddi gian \u0111\u1ecdc":"8 ph\u00fat"},"schema":{"@context":"https:\/\/schema.org","@graph":[{"@type":"Organization","@id":"https:\/\/danieli.com.vn\/#organization","name":"DANIELI VIETNAM","url":"https:\/\/danieli.com.vn\/","sameAs":[],"logo":{"@type":"ImageObject","@id":"https:\/\/danieli.com.vn\/#logo","inLanguage":"vi","url":"https:\/\/danieli.com.vn\/wp-content\/uploads\/2022\/03\/logo.png","contentUrl":"https:\/\/danieli.com.vn\/wp-content\/uploads\/2022\/03\/logo.png","width":320,"height":30,"caption":"DANIELI VIETNAM"},"image":{"@id":"https:\/\/danieli.com.vn\/#logo"}},{"@type":"WebSite","@id":"https:\/\/danieli.com.vn\/#website","url":"https:\/\/danieli.com.vn\/","name":"Danieli Vietnam","description":"is a legal entity located in Ho Chi Minh since 2007","publisher":{"@id":"https:\/\/danieli.com.vn\/#organization"},"potentialAction":[{"@type":"SearchAction","target":{"@type":"EntryPoint","urlTemplate":"https:\/\/danieli.com.vn\/?s={search_term_string}"},"query-input":"required name=search_term_string"}],"inLanguage":"vi"},{"@type":"WebPage","@id":"https:\/\/danieli.com.vn\/vi\/cookie-policy\/#webpage","url":"https:\/\/danieli.com.vn\/vi\/cookie-policy\/","name":"Ch\u00ednh s\u00e1ch cookie - Danieli Vietnam","isPartOf":{"@id":"https:\/\/danieli.com.vn\/#website"},"datePublished":"2022-03-04T04:58:10+00:00","dateModified":"2022-03-22T04:41:29+00:00","breadcrumb":{"@id":"https:\/\/danieli.com.vn\/vi\/cookie-policy\/#breadcrumb"},"inLanguage":"vi","potentialAction":[{"@type":"ReadAction","target":["https:\/\/danieli.com.vn\/vi\/cookie-policy\/"]}]},{"@type":"BreadcrumbList","@id":"https:\/\/danieli.com.vn\/vi\/cookie-policy\/#breadcrumb","itemListElement":[{"@type":"ListItem","position":1,"name":"Home","item":"https:\/\/danieli.com.vn\/vi\/"},{"@type":"ListItem","position":2,"name":"Ch\u00ednh s\u00e1ch cookie"}]}]}},"_links":{"self":[{"href":"https:\/\/danieli.com.vn\/vi\/wp-json\/wp\/v2\/pages\/524","targetHints":{"allow":["GET"]}}],"collection":[{"href":"https:\/\/danieli.com.vn\/vi\/wp-json\/wp\/v2\/pages"}],"about":[{"href":"https:\/\/danieli.com.vn\/vi\/wp-json\/wp\/v2\/types\/page"}],"author":[{"embeddable":true,"href":"https:\/\/danieli.com.vn\/vi\/wp-json\/wp\/v2\/users\/1"}],"replies":[{"embeddable":true,"href":"https:\/\/danieli.com.vn\/vi\/wp-json\/wp\/v2\/comments?post=524"}],"version-history":[{"count":0,"href":"https:\/\/danieli.com.vn\/vi\/wp-json\/wp\/v2\/pages\/524\/revisions"}],"wp:attachment":[{"href":"https:\/\/danieli.com.vn\/vi\/wp-json\/wp\/v2\/media?parent=524"}],"curies":[{"name":"wp","href":"https:\/\/api.w.org\/{rel}","templated":true}]}}