{"id":523,"date":"2022-03-04T06:25:52","date_gmt":"2022-03-04T06:25:52","guid":{"rendered":"https:\/\/danieli.com.vn\/policy\/"},"modified":"2022-03-22T04:30:46","modified_gmt":"2022-03-22T04:30:46","slug":"policy","status":"publish","type":"page","link":"https:\/\/danieli.com.vn\/vi\/policy\/","title":{"rendered":"Th\u00f4ng tin v\u1ec1 ch\u00ednh s\u00e1ch b\u1ea3o m\u1eadt c\u1ee7a trang web n\u00e0y"},"content":{"rendered":"<p><strong>Th\u00f4ng tin<\/strong><\/p>\n<p>Trang n\u00e0y \u0111\u01b0a ra m\u00f4 t\u1ea3 v\u1ec1 c\u00e1c c\u00e1ch th\u1ee9c qu\u1ea3n l\u00fd trang web n\u00e0y v\u1ec1 m\u1eb7t x\u1eed l\u00fd d\u1eef li\u1ec7u c\u00e1 nh\u00e2n c\u1ee7a ng\u01b0\u1eddi d\u00f9ng truy c\u1eadp trang web. C\u0103n c\u1ee9 v\u00e0o \u0110i\u1ec1u 13 c\u1ee7a Ngh\u1ecb \u0111\u1ecbnh l\u1eadp ph\u00e1p \u00dd s\u1ed1 196\/2003 v\u1ec1 vi\u1ec7c b\u1ea3o v\u1ec7 d\u1eef li\u1ec7u c\u00e1 nh\u00e2n, th\u00f4ng tin n\u00e0y c\u0169ng \u0111\u01b0\u1ee3c cung c\u1ea5p li\u00ean quan \u0111\u1ebfn nh\u1eefng ng\u01b0\u1eddi t\u01b0\u01a1ng t\u00e1c v\u1edbi c\u00e1c d\u1ecbch v\u1ee5 website c\u1ee7a <strong>Danieli &amp; C. Officine Meccaniche S.p.A<\/strong>., c\u00f3 th\u1ec3 truy c\u1eadp \u0111i\u1ec7n t\u1eed t\u1eeb li\u00ean k\u1ebft: http:\/\/www.danieli.com t\u01b0\u01a1ng \u1ee9ng v\u1edbi trang ch\u1ee7 c\u1ee7a trang Danieli &amp; C. Officine Meccaniche S.p.A..<\/p>\n<p>Th\u00f4ng tin ch\u1ec9 \u0111\u01b0\u1ee3c cung c\u1ea5p cho trang web hi\u1ec7n t\u1ea1i c\u1ee7a Danieli &amp; C. Officine Meccaniche S.p.A. v\u00e0 kh\u00f4ng cung c\u1ea5p cho c\u00e1c trang web kh\u00e1c m\u00e0 ng\u01b0\u1eddi d\u00f9ng c\u00f3 th\u1ec3 truy c\u1eadp qua li\u00ean k\u1ebft. Th\u00f4ng tin c\u0169ng d\u1ef1a tr\u00ean Khuy\u1ebfn ngh\u1ecb s\u1ed1 2\/2001 m\u00e0 c\u00e1c c\u01a1 quan c\u00f3 th\u1ea9m quy\u1ec1n c\u1ee7a Ch\u00e2u \u00c2u v\u1ec1 vi\u1ec7c b\u1ea3o v\u1ec7 d\u1eef li\u1ec7u c\u00e1 nh\u00e2n, trong nh\u00f3m do \u0110i\u1ec1u 29 c\u1ee7a ch\u1ec9 th\u1ecb 95\/46 \/ CE, \u0111\u01b0\u1ee3c th\u00f4ng qua v\u00e0o ng\u00e0y 17 th\u00e1ng 5 n\u0103m 2001 nh\u1eb1m x\u00e1c \u0111\u1ecbnh c\u00e1c y\u00eau c\u1ea7u t\u1ed1i thi\u1ec3u \u0111\u1ed1i v\u1edbi vi\u1ec7c thu th\u1eadp d\u1eef li\u1ec7u c\u00e1 nh\u00e2n tr\u1ef1c tuy\u1ebfn v\u00e0 \u0111\u1eb7c bi\u1ec7t h\u01a1n l\u00e0 c\u00e1c ph\u01b0\u01a1ng ph\u00e1p, th\u1eddi gian v\u00e0 b\u1ea3n ch\u1ea5t c\u1ee7a th\u00f4ng tin m\u00e0 ch\u1ee7 s\u1edf h\u1eefu d\u1eef li\u1ec7u ph\u1ea3i cung c\u1ea5p cho ng\u01b0\u1eddi d\u00f9ng khi li\u00ean k\u1ebft sau \u0111\u1ebfn c\u00e1c trang web, b\u1ea5t k\u1ec3 m\u1ee5c \u0111\u00edch c\u1ee7a k\u1ebft n\u1ed1i. Khuy\u1ebfn ngh\u1ecb v\u00e0 m\u00f4 t\u1ea3 ng\u1eafn g\u1ecdn v\u1ec1 c\u00e1c m\u1ee5c ti\u00eau c\u1ee7a n\u00f3 \u0111\u01b0\u1ee3c \u0111\u01b0a ra tr\u00ean c\u00e1c trang kh\u00e1c c\u1ee7a trang web n\u00e0y.<\/p>\n<p><strong>\u0110\u01a1n v\u1ecb n\u1eafm gi\u1eef d\u1eef li\u1ec7u<\/strong><\/p>\n<p>Do vi\u1ec7c truy c\u1eadp trang web n\u00e0y, d\u1eef li\u1ec7u li\u00ean quan \u0111\u1ebfn nh\u1eefng ng\u01b0\u1eddi \u0111\u01b0\u1ee3c x\u00e1c \u0111\u1ecbnh ho\u1eb7c c\u00f3 th\u1ec3 nh\u1eadn d\u1ea1ng c\u00f3 th\u1ec3 \u0111\u01b0\u1ee3c x\u1eed l\u00fd. Ch\u1ee7 s\u1edf h\u1eefu d\u1eef li\u1ec7u l\u00e0 <strong>Danieli &amp; C. Officine Meccaniche S.p.A<\/strong>., c\u00f3 tr\u1ee5 s\u1edf t\u1ea1i <strong>Via Nazionale, 41 &#8211; 33042 Buttrio (UD) &#8211; \u00dd<\/strong>.<\/p>\n<p><strong>V\u1ecb tr\u00ed l\u01b0u tr\u1eef d\u1eef li\u1ec7u<\/strong><\/p>\n<p>Vi\u1ec7c x\u1eed l\u00fd d\u1eef li\u1ec7u li\u00ean quan \u0111\u1ebfn c\u00e1c d\u1ecbch v\u1ee5 web c\u1ee7a trang web n\u00e0y di\u1ec5n ra t\u1ea1i \u0111\u1ecba \u0111i\u1ec3m \u0111\u00e3 n\u00f3i \u1edf tr\u00ean c\u1ee7a Danieli &amp; C. Officine Meccaniche S.p.A. v\u00e0 ch\u1ec9 \u0111\u01b0\u1ee3c th\u1ef1c hi\u1ec7n b\u1edfi nh\u00e2n vi\u00ean \u0111\u01b0\u1ee3c ch\u1ec9 \u0111\u1ecbnh cho m\u1ee5c \u0111\u00edch ho\u1eb7c nh\u00e2n vi\u00ean c\u00f3 th\u1ec3 \u0111\u01b0\u1ee3c ch\u1ec9 \u0111\u1ecbnh th\u1ef1c hi\u1ec7n b\u1ea3o tr\u00ec kh\u00f4ng th\u01b0\u1eddng xuy\u00ean. Kh\u00f4ng c\u00f3 d\u1eef li\u1ec7u n\u00e0o ph\u00e1t sinh t\u1eeb d\u1ecbch v\u1ee5 web \u0111\u01b0\u1ee3c l\u01b0u h\u00e0nh ho\u1eb7c truy\u1ec1n \u0111\u1ea1t ra b\u00ean ngo\u00e0i c\u00f4ng ty, tr\u1eeb khi c\u00f3 quy \u0111\u1ecbnh kh\u00e1c \u1edf \u0111\u00e2y.<\/p>\n<p>D\u1eef li\u1ec7u c\u00e1 nh\u00e2n \u0111\u01b0\u1ee3c cung c\u1ea5p b\u1edfi nh\u1eefng ng\u01b0\u1eddi d\u00f9ng y\u00eau c\u1ea7u g\u1eedi th\u00f4ng tin (b\u1ea3n tin, CD-ROM, b\u1ea3n tin, b\u00e1o c\u00e1o h\u00e0ng n\u0103m, c\u00e2u tr\u1ea3 l\u1eddi cho c\u00e1c c\u00e2u h\u1ecfi, t\u00e0i li\u1ec7u v\u00e0 ph\u00e1p l\u1ec7nh, v.v.) \u0111\u01b0\u1ee3c s\u1eed d\u1ee5ng cho m\u1ee5c \u0111\u00edch duy nh\u1ea5t l\u00e0 th\u1ef1c hi\u1ec7n d\u1ecbch v\u1ee5 ho\u1eb7c hi\u1ec7u su\u1ea5t \u0111\u01b0\u1ee3c y\u00eau c\u1ea7u v\u00e0 ch\u1ec9 \u0111\u01b0\u1ee3c th\u00f4ng b\u00e1o cho b\u00ean th\u1ee9 ba trong tr\u01b0\u1eddng h\u1ee3p duy nh\u1ea5t c\u1ea7n thi\u1ebft cho m\u1ee5c \u0111\u00edch n\u00e0y.<\/p>\n<p><strong>C\u00e1c lo\u1ea1i d\u1eef li\u1ec7u \u0111\u01b0\u1ee3c x\u1eed l\u00fd<\/strong><\/p>\n<p><strong>D\u1eef li\u1ec7u tr\u00ecnh duy\u1ec7t<\/strong><\/p>\n<p>C\u00e1c h\u1ec7 th\u1ed1ng m\u00e1y t\u00ednh v\u00e0 quy tr\u00ecnh ph\u1ea7n m\u1ec1m d\u00e0nh cho ho\u1ea1t \u0111\u1ed9ng c\u1ee7a trang web n\u00e0y c\u00f3 th\u1ec3 thu \u0111\u01b0\u1ee3c, trong qu\u00e1 tr\u00ecnh ho\u1ea1t \u0111\u1ed9ng b\u00ecnh th\u01b0\u1eddng, m\u1ed9t s\u1ed1 d\u1eef li\u1ec7u c\u00e1 nh\u00e2n \u0111\u01b0\u1ee3c truy\u1ec1n ng\u1ea7m trong vi\u1ec7c s\u1eed d\u1ee5ng c\u00e1c giao th\u1ee9c truy\u1ec1n th\u00f4ng Internet.<\/p>\n<p>D\u1eef li\u1ec7u n\u00f3i tr\u00ean kh\u00f4ng \u0111\u01b0\u1ee3c thu th\u1eadp \u0111\u1ec3 x\u00e1c \u0111\u1ecbnh ng\u01b0\u1eddi d\u00f9ng, tuy nhi\u00ean v\u1ec1 b\u1ea3n ch\u1ea5t, c\u00f3 th\u1ec3 th\u00f4ng qua qu\u00e1 tr\u00ecnh x\u1eed l\u00fd v\u00e0 li\u00ean k\u1ebft v\u1edbi d\u1eef li\u1ec7u do b\u00ean th\u1ee9 ba n\u1eafm gi\u1eef, cho ph\u00e9p x\u00e1c \u0111\u1ecbnh ng\u01b0\u1eddi d\u00f9ng. Danh m\u1ee5c d\u1eef li\u1ec7u n\u00e0y bao g\u1ed3m \u0111\u1ecba ch\u1ec9 IP ho\u1eb7c t\u00ean mi\u1ec1n c\u1ee7a m\u00e1y t\u00ednh \u0111\u01b0\u1ee3c s\u1eed d\u1ee5ng b\u1edfi ng\u01b0\u1eddi d\u00f9ng truy c\u1eadp trang web n\u00e0y, \u0111\u1ecba ch\u1ec9 trong k\u00fd hi\u1ec7u URI (Uniform Resource Identity) c\u1ee7a c\u00e1c t\u00e0i nguy\u00ean \u0111\u01b0\u1ee3c y\u00eau c\u1ea7u, th\u1eddi gian y\u00eau c\u1ea7u, ph\u01b0\u01a1ng ph\u00e1p \u0111\u01b0\u1ee3c s\u1eed d\u1ee5ng \u0111\u1ec3 g\u1eedi y\u00eau c\u1ea7u t\u1edbi m\u00e1y ch\u1ee7, k\u00edch th\u01b0\u1edbc c\u1ee7a t\u1ec7p tr\u1ea3 l\u1eddi thu \u0111\u01b0\u1ee3c, m\u00e3 s\u1ed1 cho bi\u1ebft tr\u1ea1ng th\u00e1i tr\u1ea3 l\u1eddi do m\u00e1y ch\u1ee7 \u0111\u01b0a ra (th\u00e0nh c\u00f4ng, l\u1ed7i, v.v.) v\u00e0 c\u00e1c th\u00f4ng s\u1ed1 kh\u00e1c li\u00ean quan \u0111\u1ebfn h\u1ec7 \u0111i\u1ec1u h\u00e0nh v\u00e0 m\u00f4i tr\u01b0\u1eddng m\u00e1y t\u00ednh c\u1ee7a ng\u01b0\u1eddi d\u00f9ng.<\/p>\n<p>Nh\u1eefng d\u1eef li\u1ec7u n\u00e0y \u0111\u01b0\u1ee3c s\u1eed d\u1ee5ng cho m\u1ee5c \u0111\u00edch duy nh\u1ea5t l\u00e0 thu th\u1eadp th\u00f4ng tin th\u1ed1ng k\u00ea v\u00e0 \u1ea9n danh v\u1ec1 vi\u1ec7c s\u1eed d\u1ee5ng trang web v\u00e0 \u0111\u1ec3 ki\u1ec3m tra ho\u1ea1t \u0111\u1ed9ng b\u00ecnh th\u01b0\u1eddng c\u1ee7a n\u00f3, v\u00e0 s\u1ebd b\u1ecb x\u00f3a ngay sau khi x\u1eed l\u00fd. D\u1eef li\u1ec7u c\u00f3 th\u1ec3 \u0111\u01b0\u1ee3c s\u1eed d\u1ee5ng \u0111\u1ec3 x\u00e1c \u0111\u1ecbnh tr\u00e1ch nhi\u1ec7m trong tr\u01b0\u1eddng h\u1ee3p c\u00f3 th\u1ec3 x\u1ea3y ra t\u1ed9i ph\u1ea1m m\u00e1y t\u00ednh \u0111\u1ed1i v\u1edbi trang web: ng\u0103n ch\u1eb7n tr\u01b0\u1eddng h\u1ee3p n\u00e0y, v\u00ec m\u1ecdi th\u1ee9 s\u1ebd t\u1ed3n t\u1ea1i d\u01b0\u1edbi d\u1ea1ng d\u1eef li\u1ec7u tr\u00ean danh b\u1ea1 web kh\u00f4ng t\u1ed3n t\u1ea1i l\u00e2u h\u01a1n b\u1ea3y ng\u00e0y.<\/p>\n<p><strong>D\u1eef li\u1ec7u do ng\u01b0\u1eddi d\u00f9ng t\u1ef1 nguy\u1ec7n cung c\u1ea5p<\/strong><\/p>\n<p>Vi\u1ec7c g\u1eedi email t\u00f9y ch\u1ecdn, r\u00f5 r\u00e0ng v\u00e0 t\u1ef1 nguy\u1ec7n \u0111\u1ebfn c\u00e1c \u0111\u1ecba ch\u1ec9 \u0111\u01b0\u1ee3c n\u00eau tr\u00ean trang web n\u00e0y \u0111\u00f2i h\u1ecfi ph\u1ea3i c\u00f3 \u0111\u01b0\u1ee3c \u0111\u1ecba ch\u1ec9 c\u1ee7a ng\u01b0\u1eddi g\u1eedi sau \u0111\u00f3, c\u1ea7n thi\u1ebft \u0111\u1ec3 ph\u1ea3n h\u1ed3i c\u00e1c y\u00eau c\u1ea7u v\u00e0 b\u1ea5t k\u1ef3 d\u1eef li\u1ec7u c\u00e1 nh\u00e2n n\u00e0o kh\u00e1c c\u00f3 trong email.<\/p>\n<p>Th\u00f4ng tin t\u00f3m t\u1eaft c\u1ee5 th\u1ec3 s\u1ebd d\u1ea7n d\u1ea7n \u0111\u01b0\u1ee3c b\u00e1o c\u00e1o ho\u1eb7c hi\u1ec3n th\u1ecb tr\u00ean c\u00e1c trang c\u1ee7a website cung c\u1ea5p c\u00e1c d\u1ecbch v\u1ee5 \u0111\u1eb7c bi\u1ec7t theo y\u00eau c\u1ea7u.<\/p>\n<p><strong>Cookies<\/strong><\/p>\n<p>Kh\u00f4ng c\u00f3 d\u1eef li\u1ec7u c\u00e1 nh\u00e2n c\u1ee7a ng\u01b0\u1eddi d\u00f9ng \u0111\u01b0\u1ee3c c\u1ed1 t\u00ecnh l\u1ea5y b\u1edfi trang web. C\u00e1c cookie, k\u1ec3 c\u1ea3 cookie li\u00ean t\u1ee5c nh\u01b0 h\u1ec7 th\u1ed1ng theo d\u00f5i ng\u01b0\u1eddi d\u00f9ng \u0111\u1ec3 thu th\u1eadp th\u00f4ng tin c\u00e1 nh\u00e2n \u0111\u1ec1u kh\u00f4ng \u0111\u01b0\u1ee3c s\u1eed d\u1ee5ng.<\/p>\n<p>Vi\u1ec7c s\u1eed d\u1ee5ng cookie phi\u00ean (kh\u00f4ng \u0111\u01b0\u1ee3c l\u01b0u tr\u1eef v\u0129nh vi\u1ec5n trong m\u00e1y t\u00ednh c\u1ee7a ng\u01b0\u1eddi d\u00f9ng v\u00e0 \u0111\u01b0\u1ee3c x\u00f3a khi \u0111\u00f3ng tr\u00ecnh duy\u1ec7t) b\u1ecb gi\u1edbi h\u1ea1n nghi\u00eam ng\u1eb7t trong vi\u1ec7c truy\u1ec1n nh\u1eadn d\u1ea1ng phi\u00ean (\u0111\u01b0\u1ee3c t\u1ea1o b\u1edfi c\u00e1c s\u1ed1 ng\u1eabu nhi\u00ean do m\u00e1y ch\u1ee7 t\u1ea1o ra) c\u1ea7n thi\u1ebft \u0111\u1ec3 cho ph\u00e9p duy\u1ec7t trang web an to\u00e0n v\u00e0 hi\u1ec7u qu\u1ea3.<\/p>\n<p>Cookie phi\u00ean \u0111\u01b0\u1ee3c s\u1eed d\u1ee5ng tr\u00ean trang web n\u00e0y kh\u00f4ng s\u1eed d\u1ee5ng c\u00e1c k\u1ef9 thu\u1eadt m\u00e1y t\u00ednh kh\u00e1c c\u00f3 th\u1ec3 g\u00e2y t\u1ed5n h\u1ea1i \u0111\u1ebfn t\u00ednh b\u1ea3o m\u1eadt khi duy\u1ec7t c\u1ee7a ng\u01b0\u1eddi d\u00f9ng v\u00e0 kh\u00f4ng cho ph\u00e9p thu th\u1eadp d\u1eef li\u1ec7u nh\u1eadn d\u1ea1ng c\u00e1 nh\u00e2n c\u1ee7a ng\u01b0\u1eddi d\u00f9ng.<\/p>\n<p><strong>T\u00ednh ch\u1ea5t t\u00f9y ch\u1ecdn c\u1ee7a vi\u1ec7c cung c\u1ea5p d\u1eef li\u1ec7u<\/strong><\/p>\n<p>Ngo\u00e0i nh\u1eefng g\u00ec \u0111\u01b0\u1ee3c ch\u1ec9 \u0111\u1ecbnh cho d\u1eef li\u1ec7u duy\u1ec7t web, ng\u01b0\u1eddi d\u00f9ng c\u00f3 th\u1ec3 t\u1ef1 do cung c\u1ea5p d\u1eef li\u1ec7u c\u00e1 nh\u00e2n c\u00f3 trong c\u00e1c bi\u1ec3u m\u1eabu y\u00eau c\u1ea7u.<\/p>\n<p>C\u00e1c y\u00eau c\u1ea7u s\u1ebd kh\u00f4ng th\u1ec3 th\u1ef1c hi\u1ec7n \u0111\u01b0\u1ee3c khi ng\u01b0\u1eddi d\u00f9ng t\u1eeb ch\u1ed1i cung c\u1ea5p th\u00f4ng tin.<\/p>\n<p><strong>Ph\u01b0\u01a1ng ph\u00e1p x\u1eed l\u00fd<\/strong><\/p>\n<p>D\u1eef li\u1ec7u c\u00e1 nh\u00e2n \u0111\u01b0\u1ee3c x\u1eed l\u00fd b\u1eb1ng c\u00e1c c\u00f4ng c\u1ee5 t\u1ef1 \u0111\u1ed9ng trong th\u1eddi gian c\u1ea7n thi\u1ebft \u0111\u1ec3 \u0111\u1ea1t \u0111\u01b0\u1ee3c m\u1ee5c \u0111\u00edch thu th\u1eadp.<\/p>\n<p>C\u00e1c bi\u1ec7n ph\u00e1p an to\u00e0n c\u1ee5 th\u1ec3 \u0111\u01b0\u1ee3c \u00e1p d\u1ee5ng \u0111\u1ec3 ng\u0103n ch\u1eb7n vi\u1ec7c m\u1ea5t d\u1eef li\u1ec7u, s\u1eed d\u1ee5ng b\u1ea5t h\u1ee3p ph\u00e1p ho\u1eb7c kh\u00f4ng ch\u00ednh x\u00e1c v\u00e0 truy c\u1eadp tr\u00e1i ph\u00e9p.<\/p>\n<p><strong>Quy\u1ec1n c\u1ee7a nh\u1eefng b\u00ean c\u00f3 li\u00ean quan<\/strong><\/p>\n<p>B\u1ea5t c\u1ee9 ai c\u00f3 d\u1eef li\u1ec7u c\u00e1 nh\u00e2n \u0111\u1ec1u c\u00f3 quy\u1ec1n y\u00eau c\u1ea7u \u0111\u01b0\u1ee3c x\u00e1c nh\u1eadn v\u1ec1 s\u1ef1 t\u1ed3n t\u1ea1i ho\u1eb7c c\u00e1ch kh\u00e1c c\u1ee7a c\u00f9ng m\u1ed9t d\u1eef li\u1ec7u v\u00e0 \u0111\u01b0\u1ee3c th\u00f4ng b\u00e1o v\u1ec1 n\u1ed9i dung v\u00e0 ngu\u1ed3n g\u1ed1c c\u1ee7a ch\u00fang, ki\u1ec3m tra t\u00ednh ch\u00ednh x\u00e1c c\u1ee7a ch\u00fang v\u00e0 y\u00eau c\u1ea7u t\u00edch h\u1ee3p ho\u1eb7c c\u1eadp nh\u1eadt ho\u1eb7c s\u1eeda ch\u1eefa (\u0110i\u1ec1u 7 c\u1ee7a Ngh\u1ecb \u0111\u1ecbnh l\u1eadp ph\u00e1p \u00dd s\u1ed1 196\/2003).<\/p>\n<p>D\u1ef1a tr\u00ean \u0110i\u1ec1u kho\u1ea3n n\u00e0y, h\u1ecd c\u0169ng c\u00f3 quy\u1ec1n y\u00eau c\u1ea7u h\u1ee7y b\u1ecf, \u1ea9n danh ho\u1eb7c ch\u1eb7n d\u1eef li\u1ec7u \u0111\u01b0\u1ee3c x\u1eed l\u00fd b\u1ea5t h\u1ee3p ph\u00e1p, v\u00e0 ph\u1ea3n \u0111\u1ed1i trong m\u1ecdi tr\u01b0\u1eddng h\u1ee3p, v\u00ec l\u00fd do h\u1ee3p ph\u00e1p.<\/p>\n<p>C\u00e1c y\u00eau c\u1ea7u li\u00ean quan \u0111\u1ebfn v\u1ea5n \u0111\u1ec1 n\u00e0y c\u00f3 th\u1ec3 \u0111\u01b0\u1ee3c g\u1eedi t\u1edbi Danieli &amp; C. Officine Meccaniche S.p.A., Via Nazionale, 41 &#8211; 33042 Buttrio (UD) &#8211; \u00dd, E-Mail: info@danieli.com.<\/p>\n<p>T\u00e0i li\u1ec7u n\u00e0y c\u1ea5u th\u00e0nh ch\u00ednh s\u00e1ch b\u1ea3o m\u1eadt c\u1ee7a trang web n\u00e0y s\u1ebd \u0111\u01b0\u1ee3c c\u1eadp nh\u1eadt.<\/p>\n","protected":false},"excerpt":{"rendered":"<p>Th\u00f4ng tin Trang n\u00e0y \u0111\u01b0a ra m\u00f4 t\u1ea3 v\u1ec1 c\u00e1c c\u00e1ch th\u1ee9c qu\u1ea3n l\u00fd trang web n\u00e0y v\u1ec1 m\u1eb7t x\u1eed l\u00fd d\u1eef li\u1ec7u c\u00e1 nh\u00e2n c\u1ee7a ng\u01b0\u1eddi d\u00f9ng truy c\u1eadp trang web. C\u0103n c\u1ee9 v\u00e0o \u0110i\u1ec1u 13 c\u1ee7a Ngh\u1ecb \u0111\u1ecbnh l\u1eadp ph\u00e1p \u00dd s\u1ed1 196\/2003 v\u1ec1 vi\u1ec7c b\u1ea3o v\u1ec7 d\u1eef li\u1ec7u c\u00e1 nh\u00e2n, th\u00f4ng tin [&hellip;]<\/p>\n","protected":false},"author":1,"featured_media":0,"parent":0,"menu_order":0,"comment_status":"closed","ping_status":"closed","template":"","meta":{"inline_featured_image":false,"footnotes":""},"class_list":["post-523","page","type-page","status-publish","hentry"],"yoast_head":"<!-- This site is optimized with the Yoast SEO plugin v18.2 - https:\/\/yoast.com\/wordpress\/plugins\/seo\/ -->\n<title>Th\u00f4ng tin v\u1ec1 ch\u00ednh s\u00e1ch b\u1ea3o m\u1eadt c\u1ee7a trang web n\u00e0y - Danieli Vietnam<\/title>\n<meta name=\"robots\" content=\"index, follow, max-snippet:-1, max-image-preview:large, max-video-preview:-1\" \/>\n<link rel=\"canonical\" href=\"https:\/\/danieli.com.vn\/vi\/policy\/\" \/>\n<meta property=\"og:locale\" content=\"vi_VN\" \/>\n<meta property=\"og:type\" content=\"article\" \/>\n<meta property=\"og:title\" content=\"Th\u00f4ng tin v\u1ec1 ch\u00ednh s\u00e1ch b\u1ea3o m\u1eadt c\u1ee7a trang web n\u00e0y - Danieli Vietnam\" \/>\n<meta property=\"og:description\" content=\"Th\u00f4ng tin Trang n\u00e0y \u0111\u01b0a ra m\u00f4 t\u1ea3 v\u1ec1 c\u00e1c c\u00e1ch th\u1ee9c qu\u1ea3n l\u00fd trang web n\u00e0y v\u1ec1 m\u1eb7t x\u1eed l\u00fd d\u1eef li\u1ec7u c\u00e1 nh\u00e2n c\u1ee7a ng\u01b0\u1eddi d\u00f9ng truy c\u1eadp trang web. C\u0103n c\u1ee9 v\u00e0o \u0110i\u1ec1u 13 c\u1ee7a Ngh\u1ecb \u0111\u1ecbnh l\u1eadp ph\u00e1p \u00dd s\u1ed1 196\/2003 v\u1ec1 vi\u1ec7c b\u1ea3o v\u1ec7 d\u1eef li\u1ec7u c\u00e1 nh\u00e2n, th\u00f4ng tin [&hellip;]\" \/>\n<meta property=\"og:url\" content=\"https:\/\/danieli.com.vn\/vi\/policy\/\" \/>\n<meta property=\"og:site_name\" content=\"Danieli Vietnam\" \/>\n<meta property=\"article:modified_time\" content=\"2022-03-22T04:30:46+00:00\" \/>\n<meta name=\"twitter:card\" content=\"summary_large_image\" \/>\n<meta name=\"twitter:label1\" content=\"\u01af\u1edbc t\u00ednh th\u1eddi gian \u0111\u1ecdc\" \/>\n\t<meta name=\"twitter:data1\" content=\"8 ph\u00fat\" \/>\n<script type=\"application\/ld+json\" class=\"yoast-schema-graph\">{\"@context\":\"https:\/\/schema.org\",\"@graph\":[{\"@type\":\"Organization\",\"@id\":\"https:\/\/danieli.com.vn\/#organization\",\"name\":\"DANIELI VIETNAM\",\"url\":\"https:\/\/danieli.com.vn\/\",\"sameAs\":[],\"logo\":{\"@type\":\"ImageObject\",\"@id\":\"https:\/\/danieli.com.vn\/#logo\",\"inLanguage\":\"vi\",\"url\":\"https:\/\/danieli.com.vn\/wp-content\/uploads\/2022\/03\/logo.png\",\"contentUrl\":\"https:\/\/danieli.com.vn\/wp-content\/uploads\/2022\/03\/logo.png\",\"width\":320,\"height\":30,\"caption\":\"DANIELI VIETNAM\"},\"image\":{\"@id\":\"https:\/\/danieli.com.vn\/#logo\"}},{\"@type\":\"WebSite\",\"@id\":\"https:\/\/danieli.com.vn\/#website\",\"url\":\"https:\/\/danieli.com.vn\/\",\"name\":\"Danieli Vietnam\",\"description\":\"is a legal entity located in Ho Chi Minh since 2007\",\"publisher\":{\"@id\":\"https:\/\/danieli.com.vn\/#organization\"},\"potentialAction\":[{\"@type\":\"SearchAction\",\"target\":{\"@type\":\"EntryPoint\",\"urlTemplate\":\"https:\/\/danieli.com.vn\/?s={search_term_string}\"},\"query-input\":\"required name=search_term_string\"}],\"inLanguage\":\"vi\"},{\"@type\":\"WebPage\",\"@id\":\"https:\/\/danieli.com.vn\/vi\/policy\/#webpage\",\"url\":\"https:\/\/danieli.com.vn\/vi\/policy\/\",\"name\":\"Th\u00f4ng tin v\u1ec1 ch\u00ednh s\u00e1ch b\u1ea3o m\u1eadt c\u1ee7a trang web n\u00e0y - Danieli Vietnam\",\"isPartOf\":{\"@id\":\"https:\/\/danieli.com.vn\/#website\"},\"datePublished\":\"2022-03-04T06:25:52+00:00\",\"dateModified\":\"2022-03-22T04:30:46+00:00\",\"breadcrumb\":{\"@id\":\"https:\/\/danieli.com.vn\/vi\/policy\/#breadcrumb\"},\"inLanguage\":\"vi\",\"potentialAction\":[{\"@type\":\"ReadAction\",\"target\":[\"https:\/\/danieli.com.vn\/vi\/policy\/\"]}]},{\"@type\":\"BreadcrumbList\",\"@id\":\"https:\/\/danieli.com.vn\/vi\/policy\/#breadcrumb\",\"itemListElement\":[{\"@type\":\"ListItem\",\"position\":1,\"name\":\"Home\",\"item\":\"https:\/\/danieli.com.vn\/vi\/\"},{\"@type\":\"ListItem\",\"position\":2,\"name\":\"Th\u00f4ng tin v\u1ec1 ch\u00ednh s\u00e1ch b\u1ea3o m\u1eadt c\u1ee7a trang web n\u00e0y\"}]}]}<\/script>\n<!-- \/ Yoast SEO plugin. -->","yoast_head_json":{"title":"Th\u00f4ng tin v\u1ec1 ch\u00ednh s\u00e1ch b\u1ea3o m\u1eadt c\u1ee7a trang web n\u00e0y - Danieli Vietnam","robots":{"index":"index","follow":"follow","max-snippet":"max-snippet:-1","max-image-preview":"max-image-preview:large","max-video-preview":"max-video-preview:-1"},"canonical":"https:\/\/danieli.com.vn\/vi\/policy\/","og_locale":"vi_VN","og_type":"article","og_title":"Th\u00f4ng tin v\u1ec1 ch\u00ednh s\u00e1ch b\u1ea3o m\u1eadt c\u1ee7a trang web n\u00e0y - Danieli Vietnam","og_description":"Th\u00f4ng tin Trang n\u00e0y \u0111\u01b0a ra m\u00f4 t\u1ea3 v\u1ec1 c\u00e1c c\u00e1ch th\u1ee9c qu\u1ea3n l\u00fd trang web n\u00e0y v\u1ec1 m\u1eb7t x\u1eed l\u00fd d\u1eef li\u1ec7u c\u00e1 nh\u00e2n c\u1ee7a ng\u01b0\u1eddi d\u00f9ng truy c\u1eadp trang web. C\u0103n c\u1ee9 v\u00e0o \u0110i\u1ec1u 13 c\u1ee7a Ngh\u1ecb \u0111\u1ecbnh l\u1eadp ph\u00e1p \u00dd s\u1ed1 196\/2003 v\u1ec1 vi\u1ec7c b\u1ea3o v\u1ec7 d\u1eef li\u1ec7u c\u00e1 nh\u00e2n, th\u00f4ng tin [&hellip;]","og_url":"https:\/\/danieli.com.vn\/vi\/policy\/","og_site_name":"Danieli Vietnam","article_modified_time":"2022-03-22T04:30:46+00:00","twitter_card":"summary_large_image","twitter_misc":{"\u01af\u1edbc t\u00ednh th\u1eddi gian \u0111\u1ecdc":"8 ph\u00fat"},"schema":{"@context":"https:\/\/schema.org","@graph":[{"@type":"Organization","@id":"https:\/\/danieli.com.vn\/#organization","name":"DANIELI VIETNAM","url":"https:\/\/danieli.com.vn\/","sameAs":[],"logo":{"@type":"ImageObject","@id":"https:\/\/danieli.com.vn\/#logo","inLanguage":"vi","url":"https:\/\/danieli.com.vn\/wp-content\/uploads\/2022\/03\/logo.png","contentUrl":"https:\/\/danieli.com.vn\/wp-content\/uploads\/2022\/03\/logo.png","width":320,"height":30,"caption":"DANIELI VIETNAM"},"image":{"@id":"https:\/\/danieli.com.vn\/#logo"}},{"@type":"WebSite","@id":"https:\/\/danieli.com.vn\/#website","url":"https:\/\/danieli.com.vn\/","name":"Danieli Vietnam","description":"is a legal entity located in Ho Chi Minh since 2007","publisher":{"@id":"https:\/\/danieli.com.vn\/#organization"},"potentialAction":[{"@type":"SearchAction","target":{"@type":"EntryPoint","urlTemplate":"https:\/\/danieli.com.vn\/?s={search_term_string}"},"query-input":"required name=search_term_string"}],"inLanguage":"vi"},{"@type":"WebPage","@id":"https:\/\/danieli.com.vn\/vi\/policy\/#webpage","url":"https:\/\/danieli.com.vn\/vi\/policy\/","name":"Th\u00f4ng tin v\u1ec1 ch\u00ednh s\u00e1ch b\u1ea3o m\u1eadt c\u1ee7a trang web n\u00e0y - Danieli Vietnam","isPartOf":{"@id":"https:\/\/danieli.com.vn\/#website"},"datePublished":"2022-03-04T06:25:52+00:00","dateModified":"2022-03-22T04:30:46+00:00","breadcrumb":{"@id":"https:\/\/danieli.com.vn\/vi\/policy\/#breadcrumb"},"inLanguage":"vi","potentialAction":[{"@type":"ReadAction","target":["https:\/\/danieli.com.vn\/vi\/policy\/"]}]},{"@type":"BreadcrumbList","@id":"https:\/\/danieli.com.vn\/vi\/policy\/#breadcrumb","itemListElement":[{"@type":"ListItem","position":1,"name":"Home","item":"https:\/\/danieli.com.vn\/vi\/"},{"@type":"ListItem","position":2,"name":"Th\u00f4ng tin v\u1ec1 ch\u00ednh s\u00e1ch b\u1ea3o m\u1eadt c\u1ee7a trang web n\u00e0y"}]}]}},"_links":{"self":[{"href":"https:\/\/danieli.com.vn\/vi\/wp-json\/wp\/v2\/pages\/523","targetHints":{"allow":["GET"]}}],"collection":[{"href":"https:\/\/danieli.com.vn\/vi\/wp-json\/wp\/v2\/pages"}],"about":[{"href":"https:\/\/danieli.com.vn\/vi\/wp-json\/wp\/v2\/types\/page"}],"author":[{"embeddable":true,"href":"https:\/\/danieli.com.vn\/vi\/wp-json\/wp\/v2\/users\/1"}],"replies":[{"embeddable":true,"href":"https:\/\/danieli.com.vn\/vi\/wp-json\/wp\/v2\/comments?post=523"}],"version-history":[{"count":0,"href":"https:\/\/danieli.com.vn\/vi\/wp-json\/wp\/v2\/pages\/523\/revisions"}],"wp:attachment":[{"href":"https:\/\/danieli.com.vn\/vi\/wp-json\/wp\/v2\/media?parent=523"}],"curies":[{"name":"wp","href":"https:\/\/api.w.org\/{rel}","templated":true}]}}